{"id":493,"date":"2021-12-05T13:48:52","date_gmt":"2021-12-05T10:18:52","guid":{"rendered":"https:\/\/hasatrading.com\/?page_id=493"},"modified":"2021-12-21T13:44:11","modified_gmt":"2021-12-21T10:14:11","slug":"basvurular","status":"publish","type":"page","link":"http:\/\/suntechtr.com\/?page_id=493&lang=tr","title":{"rendered":"Ba\u015fvurular"},"content":{"rendered":"<p>[vc_row][vc_column][vc_single_image image=&#8221;442&#8243; img_size=&#8221;1920*1080&#8243; alignment=&#8221;center&#8221;][\/vc_column][\/vc_row][vc_row][vc_column][vc_column_text]Fiziki ticareti ger\u00e7ekle\u015ftirmek i\u00e7in \u00e7al\u0131\u015f\u0131yoruz. Mallar\u0131 \u00fcreticilerden son kullan\u0131c\u0131lara g\u00fcvenilir, verimli ve sorumlu bir \u015fekilde aktarabilmemiz i\u00e7in tedarik zincirlerini optimize etmeye odaklan\u0131yoruz. Bu karma\u015f\u0131k bir s\u00fcre\u00e7tir ve son derece yetenekli ekiplere ba\u011fl\u0131y\u0131z. Do\u011fru kararlar\u0131 vereceklerine g\u00fcveniyoruz ve onlar\u0131 k\u00fcresel kaynaklarla destekliyoruz. Heyecan verici, bu zorlu\u00a0 i\u015fte en iyisini ar\u0131yoruz. Uluslararas\u0131 arenada ilerleme ve geli\u015fme i\u00e7in b\u00fcy\u00fck f\u0131rsatlar sunuyoruz. Yetenek ve ba\u011fl\u0131l\u0131k iyi \u00f6d\u00fcllendirilir. Her \u00e7al\u0131\u015fan\u0131n i\u015f eti\u011fimizi \u015fekillendirmede ve stratejimizi geli\u015ftirmede rol\u00fc vard\u0131r. Do\u011fru ki\u015fi i\u00e7in k\u00fcresel bir organizasyonun par\u00e7as\u0131 olarak ger\u00e7ek bir fark yaratma \u015fans\u0131 var.[\/vc_column_text][\/vc_column][\/vc_row]<\/p>\n","protected":false},"excerpt":{"rendered":"<p>[vc_row][vc_column][vc_single_image image=&#8221;442&#8243; img_size=&#8221;1920*1080&#8243; alignment=&#8221;center&#8221;][\/vc_column][\/vc_row][vc_row][vc_column][vc_column_text]Fiziki ticareti ger\u00e7ekle\u015ftirmek i\u00e7in \u00e7al\u0131\u015f\u0131yoruz. Mallar\u0131 \u00fcreticilerden son kullan\u0131c\u0131lara g\u00fcvenilir, verimli ve sorumlu bir \u015fekilde aktarabilmemiz i\u00e7in tedarik zincirlerini optimize etmeye odaklan\u0131yoruz. Bu<span class=\"excerpt-hellip\"> [\u2026]<\/span><\/p>\n","protected":false},"author":1,"featured_media":0,"parent":0,"menu_order":0,"comment_status":"closed","ping_status":"closed","template":"","meta":[],"_links":{"self":[{"href":"http:\/\/suntechtr.com\/index.php?rest_route=\/wp\/v2\/pages\/493"}],"collection":[{"href":"http:\/\/suntechtr.com\/index.php?rest_route=\/wp\/v2\/pages"}],"about":[{"href":"http:\/\/suntechtr.com\/index.php?rest_route=\/wp\/v2\/types\/page"}],"author":[{"embeddable":true,"href":"http:\/\/suntechtr.com\/index.php?rest_route=\/wp\/v2\/users\/1"}],"replies":[{"embeddable":true,"href":"http:\/\/suntechtr.com\/index.php?rest_route=%2Fwp%2Fv2%2Fcomments&post=493"}],"version-history":[{"count":5,"href":"http:\/\/suntechtr.com\/index.php?rest_route=\/wp\/v2\/pages\/493\/revisions"}],"predecessor-version":[{"id":648,"href":"http:\/\/suntechtr.com\/index.php?rest_route=\/wp\/v2\/pages\/493\/revisions\/648"}],"wp:attachment":[{"href":"http:\/\/suntechtr.com\/index.php?rest_route=%2Fwp%2Fv2%2Fmedia&parent=493"}],"curies":[{"name":"wp","href":"https:\/\/api.w.org\/{rel}","templated":true}]}}